{"id":4507,"date":"2022-08-15T16:08:13","date_gmt":"2022-08-15T14:08:13","guid":{"rendered":"https:\/\/lastalla-stmoritz.ch\/?page_id=4507"},"modified":"2022-08-15T16:11:17","modified_gmt":"2022-08-15T14:11:17","slug":"imprimer","status":"publish","type":"page","link":"https:\/\/lastalla-stmoritz.ch\/fr\/imprimer\/","title":{"rendered":"Imprimer"},"content":{"rendered":"<p>[vc_row][vc_column width=\u00a0\u00bb1\/2&Prime;]<div class=\"mkdf-section-title-holder  mkdf-st-standard mkdf-st-title-left mkdf-st-normal-space \" >\n\t<div class=\"mkdf-st-inner\">\n\t\t\t\t\t<h2 class=\"mkdf-st-title\" >\n\t\t\t\tImprimer\t\t\t<\/h2>\n\t\t    <span class=\"mkdf-st-line\" ><\/span>\n    <div class=\"mkdf-st-text\" >\n        California Gastro AG<br \/>\nRestaurant La Stalla<br \/>\nVia Crasta 3<br \/>\n7500 St. Moritz<\/p>\n<p><strong>Adresse de la localit\u00e9: Plazza dal Mulin 2, 7500 St. Moritz<\/strong><\/p>\n<p>T\u00e9l\u00e9phoner: +41 (0) 81 837 58 59<br \/>\nSite Internet: www.lastalla-stmoritz.ch<br \/>\nE-Mail: info@lastalla-stmoritz.ch<\/p>\n<p>Repr\u00e9sent\u00e9 par: Hans J\u00fcrg Buff<br \/>\nDirecteur g\u00e9n\u00e9ral: Ernesto Martinez Muniz<\/p>\n<p>Num\u00e9ro d&rsquo;identification de la taxe de vente conform\u00e9ment au \u00a727a de la loi sur la taxe de vente:<br \/>\nCHE-106.200.644.    <\/div>\n\t<\/div>\n<\/div>[\/vc_column][vc_column width=\u00a0\u00bb1\/2&Prime;][\/vc_column][\/vc_row]<\/p>\n","protected":false},"excerpt":{"rendered":"<p>[vc_row][vc_column width=\u00a0\u00bb1\/2&Prime;][\/vc_column][vc_column width=\u00a0\u00bb1\/2&Prime;][\/vc_column][\/vc_row]<\/p>\n","protected":false},"author":1,"featured_media":0,"parent":0,"menu_order":0,"comment_status":"closed","ping_status":"closed","template":"","meta":{"footnotes":""},"class_list":["post-4507","page","type-page","status-publish","hentry"],"_links":{"self":[{"href":"https:\/\/lastalla-stmoritz.ch\/fr\/wp-json\/wp\/v2\/pages\/4507","targetHints":{"allow":["GET"]}}],"collection":[{"href":"https:\/\/lastalla-stmoritz.ch\/fr\/wp-json\/wp\/v2\/pages"}],"about":[{"href":"https:\/\/lastalla-stmoritz.ch\/fr\/wp-json\/wp\/v2\/types\/page"}],"author":[{"embeddable":true,"href":"https:\/\/lastalla-stmoritz.ch\/fr\/wp-json\/wp\/v2\/users\/1"}],"replies":[{"embeddable":true,"href":"https:\/\/lastalla-stmoritz.ch\/fr\/wp-json\/wp\/v2\/comments?post=4507"}],"version-history":[{"count":4,"href":"https:\/\/lastalla-stmoritz.ch\/fr\/wp-json\/wp\/v2\/pages\/4507\/revisions"}],"predecessor-version":[{"id":4511,"href":"https:\/\/lastalla-stmoritz.ch\/fr\/wp-json\/wp\/v2\/pages\/4507\/revisions\/4511"}],"wp:attachment":[{"href":"https:\/\/lastalla-stmoritz.ch\/fr\/wp-json\/wp\/v2\/media?parent=4507"}],"curies":[{"name":"wp","href":"https:\/\/api.w.org\/{rel}","templated":true}]}}