{"id":4494,"date":"2022-08-15T15:51:28","date_gmt":"2022-08-15T13:51:28","guid":{"rendered":"https:\/\/lastalla-stmoritz.ch\/?page_id=4494"},"modified":"2022-11-29T13:00:23","modified_gmt":"2022-11-29T12:00:23","slug":"restaurant","status":"publish","type":"page","link":"https:\/\/lastalla-stmoritz.ch\/fr\/restaurant\/","title":{"rendered":"Restaurant"},"content":{"rendered":"<p>[vc_row content_placement=\u00a0\u00bbtop\u00a0\u00bb enable_parallax_background_elements=\u00a0\u00bbyes\u00a0\u00bb right_parallax_background_element=\u00a0\u00bb3779&Prime;][vc_column][vc_row_inner content_placement=\u00a0\u00bbmiddle\u00a0\u00bb row_content_width=\u00a0\u00bbgrid\u00a0\u00bb css=\u00a0\u00bb.vc_custom_1535380918653{padding-bottom: 40px !important;}\u00a0\u00bb][vc_column_inner offset=\u00a0\u00bbvc_col-lg-6 vc_col-md-12&Prime;]<h2 class=\"mkdf-custom-font-holder  mkdf-cf-9261  \" style=\"text-align: left;margin: 0\" data-item-class=\"mkdf-cf-9261\">\n\tLa Stalla<\/h2><h2 class=\"mkdf-custom-font-holder  mkdf-cf-9028  \" style=\"text-align: left;margin: 0\" data-item-class=\"mkdf-cf-9028\">\n\tRestaurant<\/h2><div class=\"mkdf-section-title-holder  mkdf-st-standard mkdf-st-title-left mkdf-st-normal-space \" style=\"padding:0 0 15% 0;text-align: left\">\n\t<div class=\"mkdf-st-inner\">\n\t\t\t\t\t<h2 class=\"mkdf-st-title\" >\n\t\t\t\tSt. Moritz\t\t\t<\/h2>\n\t\t    <span class=\"mkdf-st-line\" style=\"margin: 50px 9% 0 14%; height: 120px\"><\/span>\n    <div class=\"mkdf-st-text\" style=\"padding-right: 40px\">\n        Bois de pin chaleureux, grande attention aux d\u00e9tails &#8211; l&rsquo;ambiance de La Stalla, aussi belle qu&rsquo;originale, vous permet de passer facilement une soir\u00e9e r\u00e9ussie.<\/p>\n<p>Vivez un d\u00e9lice culinaire tranquille. Produits frais du march\u00e9, menus finement compos\u00e9s. Sp\u00e9cialit\u00e9s engadinoises et suisses. Menus du midi changeants tous les jours. Le conseil sp\u00e9cial : les sensationnelles fondues au fromage de La Stalla !    <\/div>\n\t<\/div>\n<\/div>[\/vc_column_inner][vc_column_inner offset=\u00a0\u00bbvc_col-lg-6 vc_col-md-12&Prime; css=\u00a0\u00bb.vc_custom_1535446084271{padding-right: 0px !important;padding-left: 0px !important;}\u00a0\u00bb]<div class=\"mkdf-single-image-holder    \" >\n    <div class=\"mkdf-si-inner\" >\n                                    <img loading=\"lazy\" decoding=\"async\" width=\"800\" height=\"450\" src=\"https:\/\/lastalla-stmoritz.ch\/wp-content\/uploads\/2020\/01\/lastalla-restaurant-st-moritz-ristorante.jpg\" class=\"attachment-full size-full\" alt=\"\" srcset=\"https:\/\/lastalla-stmoritz.ch\/wp-content\/uploads\/2020\/01\/lastalla-restaurant-st-moritz-ristorante.jpg 800w, https:\/\/lastalla-stmoritz.ch\/wp-content\/uploads\/2020\/01\/lastalla-restaurant-st-moritz-ristorante-300x169.jpg 300w, https:\/\/lastalla-stmoritz.ch\/wp-content\/uploads\/2020\/01\/lastalla-restaurant-st-moritz-ristorante-768x432.jpg 768w\" sizes=\"auto, (max-width: 800px) 100vw, 800px\" \/>                        <\/div>\n<\/div>[\/vc_column_inner][\/vc_row_inner][\/vc_column][\/vc_row][vc_row content_placement=\u00a0\u00bbtop\u00a0\u00bb row_content_width=\u00a0\u00bbgrid\u00a0\u00bb content_text_aligment=\u00a0\u00bbcenter\u00a0\u00bb enable_parallax_background_elements=\u00a0\u00bbyes\u00a0\u00bb css=\u00a0\u00bb.vc_custom_1583756339586{margin-right: 0px !important;margin-left: 0px !important;padding-top: 170px !important;padding-bottom: 170px !important;background-image: url(https:\/\/lastalla-stmoritz.ch\/wp-content\/uploads\/2020\/01\/lastalla-restaurant-st-moritz-360.jpg?id=3784) !important;}\u00a0\u00bb][vc_column][vc_row_inner][vc_column_inner width=\u00a0\u00bb1\/2&Prime; css=\u00a0\u00bb.vc_custom_1578999542657{margin-left: 20px !important;padding-top: 20px !important;padding-right: 20px !important;padding-bottom: 20px !important;padding-left: 20px !important;background-color: rgba(255,255,255,0.9) !important;*background-color: rgb(255,255,255) !important;}\u00a0\u00bb]<div class=\"mkdf-section-title-holder  mkdf-st-standard mkdf-st-title-left mkdf-st-normal-space \" style=\"text-align: left\">\n\t<div class=\"mkdf-st-inner\">\n\t\t\t\t\t<h5 class=\"mkdf-st-title\" >\n\t\t\t\tVisite \u00e0 360\u00b0 du restaurant La Stalla\t\t\t<\/h5>\n\t\t    <span class=\"mkdf-st-line\" ><\/span>\n    <div class=\"mkdf-st-text\" style=\"margin-top: 20px\">\n        D\u00e9couvrez virtuellement le restaurant La Stalla. Une exp\u00e9rience \u00e0 360\u00b0 \u00e0 couper le souffle.    <\/div>\n\t<\/div>\n<\/div><a itemprop=\"url\" href=\"https:\/\/lastalla-stmoritz.ch\/360\/index.html?nav_id=7509-101641&#038;hideNav=101638%2C101639%2C101642%2C102645%2C102646%2C101645%2C102647%2C102644%2C101649%2C101650\" target=\"_blank\" style=\"margin: 10px 0px 10px 0px\" class=\"mkdf-btn mkdf-btn-medium mkdf-btn-outline\"  >\n\t    <span class=\"mkdf-btn-text\">Commencer le tour<\/span>\n    <\/a>[\/vc_column_inner][vc_column_inner width=\u00a0\u00bb1\/2&Prime;][\/vc_column_inner][\/vc_row_inner][\/vc_column][\/vc_row][vc_row][vc_column][vc_empty_space][\/vc_column][\/vc_row][vc_row content_placement=\u00a0\u00bbtop\u00a0\u00bb row_content_width=\u00a0\u00bbgrid\u00a0\u00bb enable_parallax_background_elements=\u00a0\u00bbyes\u00a0\u00bb][vc_column]<div class=\"mkdf-image-gallery mkdf-grid-list mkdf-grid-masonry-list mkdf-disable-bottom-space  mkdf-ig-masonry-type mkdf-two-columns mkdf-normal-space  mkdf-image-behavior-custom-link\">\n\t<div class=\"mkdf-ig-inner mkdf-outer-space mkdf-masonry-list-wrapper\">\n\t\t<div class=\"mkdf-masonry-grid-sizer\"><\/div>\n\t\t<div class=\"mkdf-masonry-grid-gutter\"><\/div>\n\t\t\t\t\t\t\t\t<div class=\"mkdf-ig-image mkdf-item-space \">\n\t\t\t\t<div class=\"mkdf-ig-image-inner\">\n\t\t\t\t\t\t\t\t\t\t\t<img loading=\"lazy\" decoding=\"async\" width=\"1300\" height=\"1300\" src=\"https:\/\/lastalla-stmoritz.ch\/wp-content\/uploads\/2020\/01\/lastalla-restaurant-st-moritz-3.jpg\" class=\"attachment-full size-full\" alt=\"\" srcset=\"https:\/\/lastalla-stmoritz.ch\/wp-content\/uploads\/2020\/01\/lastalla-restaurant-st-moritz-3.jpg 1300w, https:\/\/lastalla-stmoritz.ch\/wp-content\/uploads\/2020\/01\/lastalla-restaurant-st-moritz-3-300x300.jpg 300w, https:\/\/lastalla-stmoritz.ch\/wp-content\/uploads\/2020\/01\/lastalla-restaurant-st-moritz-3-1024x1024.jpg 1024w, https:\/\/lastalla-stmoritz.ch\/wp-content\/uploads\/2020\/01\/lastalla-restaurant-st-moritz-3-150x150.jpg 150w, https:\/\/lastalla-stmoritz.ch\/wp-content\/uploads\/2020\/01\/lastalla-restaurant-st-moritz-3-768x768.jpg 768w, https:\/\/lastalla-stmoritz.ch\/wp-content\/uploads\/2020\/01\/lastalla-restaurant-st-moritz-3-650x650.jpg 650w\" sizes=\"auto, (max-width: 1300px) 100vw, 1300px\" \/>\t\t\t\t\t\t\t\t\t\t\t<\/a>\n\t\t\t\t\t\t\t\t\t<\/div>\n\t\t\t<\/div>\n\t\t\t\t\t\t\t\t<div class=\"mkdf-ig-image mkdf-item-space \">\n\t\t\t\t<div class=\"mkdf-ig-image-inner\">\n\t\t\t\t\t\t\t\t\t\t\t<img loading=\"lazy\" decoding=\"async\" width=\"1300\" height=\"1300\" src=\"https:\/\/lastalla-stmoritz.ch\/wp-content\/uploads\/2020\/01\/lastalla-restaurant-st-moritz-4.jpg\" class=\"attachment-full size-full\" alt=\"\" srcset=\"https:\/\/lastalla-stmoritz.ch\/wp-content\/uploads\/2020\/01\/lastalla-restaurant-st-moritz-4.jpg 1300w, https:\/\/lastalla-stmoritz.ch\/wp-content\/uploads\/2020\/01\/lastalla-restaurant-st-moritz-4-300x300.jpg 300w, https:\/\/lastalla-stmoritz.ch\/wp-content\/uploads\/2020\/01\/lastalla-restaurant-st-moritz-4-1024x1024.jpg 1024w, https:\/\/lastalla-stmoritz.ch\/wp-content\/uploads\/2020\/01\/lastalla-restaurant-st-moritz-4-150x150.jpg 150w, https:\/\/lastalla-stmoritz.ch\/wp-content\/uploads\/2020\/01\/lastalla-restaurant-st-moritz-4-768x768.jpg 768w, https:\/\/lastalla-stmoritz.ch\/wp-content\/uploads\/2020\/01\/lastalla-restaurant-st-moritz-4-650x650.jpg 650w\" sizes=\"auto, (max-width: 1300px) 100vw, 1300px\" \/>\t\t\t\t\t\t\t\t\t\t\t<\/a>\n\t\t\t\t\t\t\t\t\t<\/div>\n\t\t\t<\/div>\n\t\t\t\t\t\t\t\t<div class=\"mkdf-ig-image mkdf-item-space \">\n\t\t\t\t<div class=\"mkdf-ig-image-inner\">\n\t\t\t\t\t\t\t\t\t\t\t<img loading=\"lazy\" decoding=\"async\" width=\"1300\" height=\"1300\" src=\"https:\/\/lastalla-stmoritz.ch\/wp-content\/uploads\/2020\/01\/lastalla-restaurant-st-moritz-5.jpg\" class=\"attachment-full size-full\" alt=\"\" srcset=\"https:\/\/lastalla-stmoritz.ch\/wp-content\/uploads\/2020\/01\/lastalla-restaurant-st-moritz-5.jpg 1300w, https:\/\/lastalla-stmoritz.ch\/wp-content\/uploads\/2020\/01\/lastalla-restaurant-st-moritz-5-300x300.jpg 300w, https:\/\/lastalla-stmoritz.ch\/wp-content\/uploads\/2020\/01\/lastalla-restaurant-st-moritz-5-1024x1024.jpg 1024w, https:\/\/lastalla-stmoritz.ch\/wp-content\/uploads\/2020\/01\/lastalla-restaurant-st-moritz-5-150x150.jpg 150w, https:\/\/lastalla-stmoritz.ch\/wp-content\/uploads\/2020\/01\/lastalla-restaurant-st-moritz-5-768x768.jpg 768w, https:\/\/lastalla-stmoritz.ch\/wp-content\/uploads\/2020\/01\/lastalla-restaurant-st-moritz-5-650x650.jpg 650w\" sizes=\"auto, (max-width: 1300px) 100vw, 1300px\" \/>\t\t\t\t\t\t\t\t\t\t\t<\/a>\n\t\t\t\t\t\t\t\t\t<\/div>\n\t\t\t<\/div>\n\t\t\t\t\t\t\t\t<div class=\"mkdf-ig-image mkdf-item-space \">\n\t\t\t\t<div class=\"mkdf-ig-image-inner\">\n\t\t\t\t\t\t\t\t\t\t\t<img loading=\"lazy\" decoding=\"async\" width=\"1300\" height=\"1300\" src=\"https:\/\/lastalla-stmoritz.ch\/wp-content\/uploads\/2020\/01\/lastalla-restaurant-st-moritz-6.jpg\" class=\"attachment-full size-full\" alt=\"\" srcset=\"https:\/\/lastalla-stmoritz.ch\/wp-content\/uploads\/2020\/01\/lastalla-restaurant-st-moritz-6.jpg 1300w, https:\/\/lastalla-stmoritz.ch\/wp-content\/uploads\/2020\/01\/lastalla-restaurant-st-moritz-6-300x300.jpg 300w, https:\/\/lastalla-stmoritz.ch\/wp-content\/uploads\/2020\/01\/lastalla-restaurant-st-moritz-6-1024x1024.jpg 1024w, https:\/\/lastalla-stmoritz.ch\/wp-content\/uploads\/2020\/01\/lastalla-restaurant-st-moritz-6-150x150.jpg 150w, https:\/\/lastalla-stmoritz.ch\/wp-content\/uploads\/2020\/01\/lastalla-restaurant-st-moritz-6-768x768.jpg 768w, https:\/\/lastalla-stmoritz.ch\/wp-content\/uploads\/2020\/01\/lastalla-restaurant-st-moritz-6-650x650.jpg 650w\" sizes=\"auto, (max-width: 1300px) 100vw, 1300px\" \/>\t\t\t\t\t\t\t\t\t\t\t<\/a>\n\t\t\t\t\t\t\t\t\t<\/div>\n\t\t\t<\/div>\n\t\t\t<\/div>\n<\/div>[\/vc_column][\/vc_row][vc_row][vc_column][vc_empty_space height=\u00a0\u00bb50px\u00a0\u00bb][\/vc_column][\/vc_row][vc_row content_placement=\u00a0\u00bbbottom\u00a0\u00bb row_content_width=\u00a0\u00bbgrid\u00a0\u00bb content_text_aligment=\u00a0\u00bbcenter\u00a0\u00bb el_id=\u00a0\u00bbreservation\u00a0\u00bb][vc_column width=\u00a0\u00bb5\/12&Prime; css=\u00a0\u00bb.vc_custom_1536848053140{padding-right: 0px !important;padding-left: 0px !important;}\u00a0\u00bb offset=\u00a0\u00bbvc_hidden-sm vc_hidden-xs\u00a0\u00bb]<div class=\"mkdf-elements-holder   mkdf-one-column  mkdf-responsive-mode-768 \" ><div class=\"mkdf-eh-item    \"  data-item-class=\"mkdf-eh-custom-4898\" data-1367-1600=\"36% 0 0 24%\" data-1025-1366=\"36% 0 0 18%\" data-769-1024=\"36% 0 0 16%\">\n\t<div class=\"mkdf-eh-item-inner\">\n\t\t<div class=\"mkdf-eh-item-content mkdf-eh-custom-4898\" style=\"padding: 36% 0 0 24%\">\n\t\t\t<div class=\"mkdf-section-title-holder  mkdf-st-standard mkdf-st-title-left mkdf-st-normal-space \" style=\"text-align: left\">\n\t<div class=\"mkdf-st-inner\">\n\t\t\t\t\t<h2 class=\"mkdf-st-title\" >\n\t\t\t\tR\u00e9servez &amp; d\u00e9gustez\t\t\t<\/h2>\n\t\t    <span class=\"mkdf-st-line\" style=\"height: 0px\"><\/span>\n    <div class=\"mkdf-st-text\" style=\"margin-top: 23px;padding-right: 80px\">\n        R\u00e9servez votre table \u00e0 LA STALLA Ristorante ici. De plus, La Stalla est id\u00e9ale pour des groupes de 12 \u00e0 100 personnes. Vous \u00eates invit\u00e9s \u00e0 nous envoyer une demande.    <\/div>\n\t<\/div>\n<\/div>\t\t<\/div>\n\t<\/div>\n<\/div><\/div>[\/vc_column][vc_column width=\u00a0\u00bb1\/2&Prime; css=\u00a0\u00bb.vc_custom_1537283902655{margin-top: -125px !important;}\u00a0\u00bb offset=\u00a0\u00bbvc_col-lg-7 vc_col-md-7&Prime; el_class=\u00a0\u00bbmkdf-reveal-from-top\u00a0\u00bb]<a itemprop=\"url\" href=\"#\" target=\"_self\"  class=\"mkdf-btn mkdf-btn-large mkdf-btn-outline popmake-4288\"  >\n\t    <span class=\"mkdf-btn-text\">R\u00e9server une table<\/span>\n    <\/a>[vc_empty_space][\/vc_column][\/vc_row][vc_row][vc_column][vc_empty_space height=\u00a0\u00bb50px\u00a0\u00bb][\/vc_column][\/vc_row]<\/p>\n","protected":false},"excerpt":{"rendered":"<p>[vc_row content_placement=\u00a0\u00bbtop\u00a0\u00bb enable_parallax_background_elements=\u00a0\u00bbyes\u00a0\u00bb right_parallax_background_element=\u00a0\u00bb3779&Prime;][vc_column][vc_row_inner content_placement=\u00a0\u00bbmiddle\u00a0\u00bb row_content_width=\u00a0\u00bbgrid\u00a0\u00bb css=\u00a0\u00bb.vc_custom_1535380918653{padding-bottom: 40px !important;}\u00a0\u00bb][vc_column_inner offset=\u00a0\u00bbvc_col-lg-6 vc_col-md-12&Prime;][\/vc_column_inner][vc_column_inner offset=\u00a0\u00bbvc_col-lg-6 vc_col-md-12&Prime; css=\u00a0\u00bb.vc_custom_1535446084271{padding-right: 0px !important;padding-left: 0px !important;}\u00a0\u00bb][\/vc_column_inner][\/vc_row_inner][\/vc_column][\/vc_row][vc_row content_placement=\u00a0\u00bbtop\u00a0\u00bb row_content_width=\u00a0\u00bbgrid\u00a0\u00bb content_text_aligment=\u00a0\u00bbcenter\u00a0\u00bb enable_parallax_background_elements=\u00a0\u00bbyes\u00a0\u00bb css=\u00a0\u00bb.vc_custom_1583756339586{margin-right: 0px !important;margin-left: 0px !important;padding-top: 170px !important;padding-bottom: 170px !important;background-image: url(https:\/\/lastalla-stmoritz.ch\/wp-content\/uploads\/2020\/01\/lastalla-restaurant-st-moritz-360.jpg?id=3784) !important;}\u00a0\u00bb][vc_column][vc_row_inner][vc_column_inner width=\u00a0\u00bb1\/2&Prime; css=\u00a0\u00bb.vc_custom_1578999542657{margin-left: 20px !important;padding-top: 20px !important;padding-right: 20px [&hellip;]<\/p>\n","protected":false},"author":1,"featured_media":0,"parent":0,"menu_order":0,"comment_status":"closed","ping_status":"closed","template":"full-width.php","meta":{"footnotes":""},"class_list":["post-4494","page","type-page","status-publish","hentry"],"_links":{"self":[{"href":"https:\/\/lastalla-stmoritz.ch\/fr\/wp-json\/wp\/v2\/pages\/4494","targetHints":{"allow":["GET"]}}],"collection":[{"href":"https:\/\/lastalla-stmoritz.ch\/fr\/wp-json\/wp\/v2\/pages"}],"about":[{"href":"https:\/\/lastalla-stmoritz.ch\/fr\/wp-json\/wp\/v2\/types\/page"}],"author":[{"embeddable":true,"href":"https:\/\/lastalla-stmoritz.ch\/fr\/wp-json\/wp\/v2\/users\/1"}],"replies":[{"embeddable":true,"href":"https:\/\/lastalla-stmoritz.ch\/fr\/wp-json\/wp\/v2\/comments?post=4494"}],"version-history":[{"count":5,"href":"https:\/\/lastalla-stmoritz.ch\/fr\/wp-json\/wp\/v2\/pages\/4494\/revisions"}],"predecessor-version":[{"id":4546,"href":"https:\/\/lastalla-stmoritz.ch\/fr\/wp-json\/wp\/v2\/pages\/4494\/revisions\/4546"}],"wp:attachment":[{"href":"https:\/\/lastalla-stmoritz.ch\/fr\/wp-json\/wp\/v2\/media?parent=4494"}],"curies":[{"name":"wp","href":"https:\/\/api.w.org\/{rel}","templated":true}]}}